{"id":5905,"date":"2026-01-18T14:45:47","date_gmt":"2026-01-18T14:45:47","guid":{"rendered":"https:\/\/qorpeptides.com\/product\/set-de-investigacion-de-equilibrio-energetico\/"},"modified":"2026-01-18T14:45:47","modified_gmt":"2026-01-18T14:45:47","slug":"set-de-investigacion-de-equilibrio-energetico","status":"publish","type":"product","link":"https:\/\/qorpeptides.com\/es\/producto\/set-de-investigacion-de-equilibrio-energetico\/","title":{"rendered":"Set de investigaci\u00f3n de equilibrio energ\u00e9tico"},"content":{"rendered":"<p><span style=\"font-weight: 400;\">ENERGY BALANCE RESEARCH SET (1 MES) es un pack in vitro para laboratorios que desean explorar c\u00f3mo la se\u00f1alizaci\u00f3n pept\u00eddica se relaciona con la gesti\u00f3n energ\u00e9tica celular en sistemas controlados. El set contiene <\/span><\/p>\n<ul>\n<li>1 \u00d7 Retatrutida 5 mg<\/li>\n<li>2 \u00d7 GROW 10 mg<\/li>\n<li>2 \u00d7 Tesamorelina 10 mg<\/li>\n<li>2 \u00d7 MOTS C 40 mg<\/li>\n<\/ul>\n<p><span style=\"font-weight: 400;\">Cada vial incluye informaci\u00f3n clara de lote y concentraci\u00f3n para que su equipo pueda registrarla una vez y reutilizar esos datos en cada protocolo, dise\u00f1o de placa e informe. Todos los componentes se suministran \u00fanicamente para investigaci\u00f3n in vitro y desarrollo de laboratorio, y no son para uso humano ni veterinario. <\/span><\/p>\n","protected":false},"excerpt":{"rendered":"<p>ENERGY BALANCE RESEARCH SET (1 MES) es un pack in vitro para laboratorios que desean explorar c\u00f3mo la se\u00f1alizaci\u00f3n pept\u00eddica se relaciona con la gesti\u00f3n energ\u00e9tica celular en sistemas controlados. El set contiene 1 \u00d7 Retatrutida 5 mg 2 \u00d7 GROW 10 mg 2 \u00d7 Tesamorelina 10 mg 2 \u00d7 MOTS C 40 mg Cada [&hellip;]<\/p>\n","protected":false},"featured_media":4292,"comment_status":"open","ping_status":"closed","template":"","meta":{"_acf_changed":false,"inline_featured_image":false},"product_brand":[],"product_cat":[73],"product_tag":[],"class_list":{"0":"post-5905","1":"product","2":"type-product","3":"status-publish","4":"has-post-thumbnail","6":"product_cat-research-bundles","8":"first","9":"instock","10":"sale","11":"shipping-taxable","12":"purchasable","13":"product-type-simple"},"acf":[],"yoast_head":"<!-- This site is optimized with the Yoast SEO plugin v27.3 - https:\/\/yoast.com\/product\/yoast-seo-wordpress\/ -->\n<title>Set de investigaci\u00f3n de equilibrio energ\u00e9tico - QOR Peptides<\/title>\n<meta name=\"robots\" content=\"index, follow, max-snippet:-1, max-image-preview:large, max-video-preview:-1\" \/>\n<link rel=\"canonical\" href=\"https:\/\/qorpeptides.com\/es\/producto\/set-de-investigacion-de-equilibrio-energetico\/\" \/>\n<meta property=\"og:locale\" content=\"es_ES\" \/>\n<meta property=\"og:type\" content=\"article\" \/>\n<meta property=\"og:title\" content=\"Set de investigaci\u00f3n de equilibrio energ\u00e9tico - QOR Peptides\" \/>\n<meta property=\"og:description\" content=\"ENERGY BALANCE RESEARCH SET (1 MES) es un pack in vitro para laboratorios que desean explorar c\u00f3mo la se\u00f1alizaci\u00f3n pept\u00eddica se relaciona con la gesti\u00f3n energ\u00e9tica celular en sistemas controlados. El set contiene 1 \u00d7 Retatrutida 5 mg 2 \u00d7 GROW 10 mg 2 \u00d7 Tesamorelina 10 mg 2 \u00d7 MOTS C 40 mg Cada [&hellip;]\" \/>\n<meta property=\"og:url\" content=\"https:\/\/qorpeptides.com\/es\/producto\/set-de-investigacion-de-equilibrio-energetico\/\" \/>\n<meta property=\"og:site_name\" content=\"QOR Peptides\" \/>\n<meta property=\"og:image\" content=\"https:\/\/qorpeptides.com\/wp-content\/uploads\/2026\/01\/STARTER-SHRED-AND-GAIN-RESEARCHER.webp\" \/>\n\t<meta property=\"og:image:width\" content=\"376\" \/>\n\t<meta property=\"og:image:height\" content=\"308\" \/>\n\t<meta property=\"og:image:type\" content=\"image\/webp\" \/>\n<meta name=\"twitter:card\" content=\"summary_large_image\" \/>\n<meta name=\"twitter:label1\" content=\"Tiempo de lectura\" \/>\n\t<meta name=\"twitter:data1\" content=\"1 minuto\" \/>\n<script type=\"application\/ld+json\" class=\"yoast-schema-graph\">{\"@context\":\"https:\\\/\\\/schema.org\",\"@graph\":[{\"@type\":\"WebPage\",\"@id\":\"https:\\\/\\\/qorpeptides.com\\\/es\\\/producto\\\/set-de-investigacion-de-equilibrio-energetico\\\/\",\"url\":\"https:\\\/\\\/qorpeptides.com\\\/es\\\/producto\\\/set-de-investigacion-de-equilibrio-energetico\\\/\",\"name\":\"Set de investigaci\u00f3n de equilibrio energ\u00e9tico - QOR Peptides\",\"isPartOf\":{\"@id\":\"https:\\\/\\\/qorpeptides.com\\\/es\\\/#website\"},\"primaryImageOfPage\":{\"@id\":\"https:\\\/\\\/qorpeptides.com\\\/es\\\/producto\\\/set-de-investigacion-de-equilibrio-energetico\\\/#primaryimage\"},\"image\":{\"@id\":\"https:\\\/\\\/qorpeptides.com\\\/es\\\/producto\\\/set-de-investigacion-de-equilibrio-energetico\\\/#primaryimage\"},\"thumbnailUrl\":\"https:\\\/\\\/qorpeptides.com\\\/wp-content\\\/uploads\\\/2026\\\/01\\\/STARTER-SHRED-AND-GAIN-RESEARCHER.webp\",\"datePublished\":\"2026-01-18T14:45:47+00:00\",\"breadcrumb\":{\"@id\":\"https:\\\/\\\/qorpeptides.com\\\/es\\\/producto\\\/set-de-investigacion-de-equilibrio-energetico\\\/#breadcrumb\"},\"inLanguage\":\"es\",\"potentialAction\":[{\"@type\":\"ReadAction\",\"target\":[\"https:\\\/\\\/qorpeptides.com\\\/es\\\/producto\\\/set-de-investigacion-de-equilibrio-energetico\\\/\"]}]},{\"@type\":\"ImageObject\",\"inLanguage\":\"es\",\"@id\":\"https:\\\/\\\/qorpeptides.com\\\/es\\\/producto\\\/set-de-investigacion-de-equilibrio-energetico\\\/#primaryimage\",\"url\":\"https:\\\/\\\/qorpeptides.com\\\/wp-content\\\/uploads\\\/2026\\\/01\\\/STARTER-SHRED-AND-GAIN-RESEARCHER.webp\",\"contentUrl\":\"https:\\\/\\\/qorpeptides.com\\\/wp-content\\\/uploads\\\/2026\\\/01\\\/STARTER-SHRED-AND-GAIN-RESEARCHER.webp\",\"width\":376,\"height\":308},{\"@type\":\"BreadcrumbList\",\"@id\":\"https:\\\/\\\/qorpeptides.com\\\/es\\\/producto\\\/set-de-investigacion-de-equilibrio-energetico\\\/#breadcrumb\",\"itemListElement\":[{\"@type\":\"ListItem\",\"position\":1,\"name\":\"Home\",\"item\":\"https:\\\/\\\/qorpeptides.com\\\/es\\\/home\\\/\"},{\"@type\":\"ListItem\",\"position\":2,\"name\":\"Tienda\",\"item\":\"https:\\\/\\\/qorpeptides.com\\\/shop\\\/\"},{\"@type\":\"ListItem\",\"position\":3,\"name\":\"Set de investigaci\u00f3n de equilibrio energ\u00e9tico\"}]},{\"@type\":\"WebSite\",\"@id\":\"https:\\\/\\\/qorpeptides.com\\\/es\\\/#website\",\"url\":\"https:\\\/\\\/qorpeptides.com\\\/es\\\/\",\"name\":\"QOR Peptides\",\"description\":\"\",\"publisher\":{\"@id\":\"https:\\\/\\\/qorpeptides.com\\\/es\\\/#organization\"},\"potentialAction\":[{\"@type\":\"SearchAction\",\"target\":{\"@type\":\"EntryPoint\",\"urlTemplate\":\"https:\\\/\\\/qorpeptides.com\\\/es\\\/?s={search_term_string}\"},\"query-input\":{\"@type\":\"PropertyValueSpecification\",\"valueRequired\":true,\"valueName\":\"search_term_string\"}}],\"inLanguage\":\"es\"},{\"@type\":\"Organization\",\"@id\":\"https:\\\/\\\/qorpeptides.com\\\/es\\\/#organization\",\"name\":\"QOR Peptides\",\"url\":\"https:\\\/\\\/qorpeptides.com\\\/es\\\/\",\"logo\":{\"@type\":\"ImageObject\",\"inLanguage\":\"es\",\"@id\":\"https:\\\/\\\/qorpeptides.com\\\/es\\\/#\\\/schema\\\/logo\\\/image\\\/\",\"url\":\"https:\\\/\\\/qorpeptides.com\\\/wp-content\\\/uploads\\\/2025\\\/11\\\/QOR-Logo-Peptides-Gold-Foil-look-transparant-Background-1.webp\",\"contentUrl\":\"https:\\\/\\\/qorpeptides.com\\\/wp-content\\\/uploads\\\/2025\\\/11\\\/QOR-Logo-Peptides-Gold-Foil-look-transparant-Background-1.webp\",\"width\":142,\"height\":76,\"caption\":\"QOR Peptides\"},\"image\":{\"@id\":\"https:\\\/\\\/qorpeptides.com\\\/es\\\/#\\\/schema\\\/logo\\\/image\\\/\"}}]}<\/script>\n<!-- \/ Yoast SEO plugin. -->","yoast_head_json":{"title":"Set de investigaci\u00f3n de equilibrio energ\u00e9tico - QOR Peptides","robots":{"index":"index","follow":"follow","max-snippet":"max-snippet:-1","max-image-preview":"max-image-preview:large","max-video-preview":"max-video-preview:-1"},"canonical":"https:\/\/qorpeptides.com\/es\/producto\/set-de-investigacion-de-equilibrio-energetico\/","og_locale":"es_ES","og_type":"article","og_title":"Set de investigaci\u00f3n de equilibrio energ\u00e9tico - QOR Peptides","og_description":"ENERGY BALANCE RESEARCH SET (1 MES) es un pack in vitro para laboratorios que desean explorar c\u00f3mo la se\u00f1alizaci\u00f3n pept\u00eddica se relaciona con la gesti\u00f3n energ\u00e9tica celular en sistemas controlados. El set contiene 1 \u00d7 Retatrutida 5 mg 2 \u00d7 GROW 10 mg 2 \u00d7 Tesamorelina 10 mg 2 \u00d7 MOTS C 40 mg Cada [&hellip;]","og_url":"https:\/\/qorpeptides.com\/es\/producto\/set-de-investigacion-de-equilibrio-energetico\/","og_site_name":"QOR Peptides","og_image":[{"width":376,"height":308,"url":"https:\/\/qorpeptides.com\/wp-content\/uploads\/2026\/01\/STARTER-SHRED-AND-GAIN-RESEARCHER.webp","type":"image\/webp"}],"twitter_card":"summary_large_image","twitter_misc":{"Tiempo de lectura":"1 minuto"},"schema":{"@context":"https:\/\/schema.org","@graph":[{"@type":"WebPage","@id":"https:\/\/qorpeptides.com\/es\/producto\/set-de-investigacion-de-equilibrio-energetico\/","url":"https:\/\/qorpeptides.com\/es\/producto\/set-de-investigacion-de-equilibrio-energetico\/","name":"Set de investigaci\u00f3n de equilibrio energ\u00e9tico - QOR Peptides","isPartOf":{"@id":"https:\/\/qorpeptides.com\/es\/#website"},"primaryImageOfPage":{"@id":"https:\/\/qorpeptides.com\/es\/producto\/set-de-investigacion-de-equilibrio-energetico\/#primaryimage"},"image":{"@id":"https:\/\/qorpeptides.com\/es\/producto\/set-de-investigacion-de-equilibrio-energetico\/#primaryimage"},"thumbnailUrl":"https:\/\/qorpeptides.com\/wp-content\/uploads\/2026\/01\/STARTER-SHRED-AND-GAIN-RESEARCHER.webp","datePublished":"2026-01-18T14:45:47+00:00","breadcrumb":{"@id":"https:\/\/qorpeptides.com\/es\/producto\/set-de-investigacion-de-equilibrio-energetico\/#breadcrumb"},"inLanguage":"es","potentialAction":[{"@type":"ReadAction","target":["https:\/\/qorpeptides.com\/es\/producto\/set-de-investigacion-de-equilibrio-energetico\/"]}]},{"@type":"ImageObject","inLanguage":"es","@id":"https:\/\/qorpeptides.com\/es\/producto\/set-de-investigacion-de-equilibrio-energetico\/#primaryimage","url":"https:\/\/qorpeptides.com\/wp-content\/uploads\/2026\/01\/STARTER-SHRED-AND-GAIN-RESEARCHER.webp","contentUrl":"https:\/\/qorpeptides.com\/wp-content\/uploads\/2026\/01\/STARTER-SHRED-AND-GAIN-RESEARCHER.webp","width":376,"height":308},{"@type":"BreadcrumbList","@id":"https:\/\/qorpeptides.com\/es\/producto\/set-de-investigacion-de-equilibrio-energetico\/#breadcrumb","itemListElement":[{"@type":"ListItem","position":1,"name":"Home","item":"https:\/\/qorpeptides.com\/es\/home\/"},{"@type":"ListItem","position":2,"name":"Tienda","item":"https:\/\/qorpeptides.com\/shop\/"},{"@type":"ListItem","position":3,"name":"Set de investigaci\u00f3n de equilibrio energ\u00e9tico"}]},{"@type":"WebSite","@id":"https:\/\/qorpeptides.com\/es\/#website","url":"https:\/\/qorpeptides.com\/es\/","name":"QOR Peptides","description":"","publisher":{"@id":"https:\/\/qorpeptides.com\/es\/#organization"},"potentialAction":[{"@type":"SearchAction","target":{"@type":"EntryPoint","urlTemplate":"https:\/\/qorpeptides.com\/es\/?s={search_term_string}"},"query-input":{"@type":"PropertyValueSpecification","valueRequired":true,"valueName":"search_term_string"}}],"inLanguage":"es"},{"@type":"Organization","@id":"https:\/\/qorpeptides.com\/es\/#organization","name":"QOR Peptides","url":"https:\/\/qorpeptides.com\/es\/","logo":{"@type":"ImageObject","inLanguage":"es","@id":"https:\/\/qorpeptides.com\/es\/#\/schema\/logo\/image\/","url":"https:\/\/qorpeptides.com\/wp-content\/uploads\/2025\/11\/QOR-Logo-Peptides-Gold-Foil-look-transparant-Background-1.webp","contentUrl":"https:\/\/qorpeptides.com\/wp-content\/uploads\/2025\/11\/QOR-Logo-Peptides-Gold-Foil-look-transparant-Background-1.webp","width":142,"height":76,"caption":"QOR Peptides"},"image":{"@id":"https:\/\/qorpeptides.com\/es\/#\/schema\/logo\/image\/"}}]}},"_links":{"self":[{"href":"https:\/\/qorpeptides.com\/es\/wp-json\/wp\/v2\/product\/5905","targetHints":{"allow":["GET"]}}],"collection":[{"href":"https:\/\/qorpeptides.com\/es\/wp-json\/wp\/v2\/product"}],"about":[{"href":"https:\/\/qorpeptides.com\/es\/wp-json\/wp\/v2\/types\/product"}],"replies":[{"embeddable":true,"href":"https:\/\/qorpeptides.com\/es\/wp-json\/wp\/v2\/comments?post=5905"}],"wp:featuredmedia":[{"embeddable":true,"href":"https:\/\/qorpeptides.com\/es\/wp-json\/wp\/v2\/media\/4292"}],"wp:attachment":[{"href":"https:\/\/qorpeptides.com\/es\/wp-json\/wp\/v2\/media?parent=5905"}],"wp:term":[{"taxonomy":"product_brand","embeddable":true,"href":"https:\/\/qorpeptides.com\/es\/wp-json\/wp\/v2\/product_brand?post=5905"},{"taxonomy":"product_cat","embeddable":true,"href":"https:\/\/qorpeptides.com\/es\/wp-json\/wp\/v2\/product_cat?post=5905"},{"taxonomy":"product_tag","embeddable":true,"href":"https:\/\/qorpeptides.com\/es\/wp-json\/wp\/v2\/product_tag?post=5905"}],"curies":[{"name":"wp","href":"https:\/\/api.w.org\/{rel}","templated":true}]}}