{"id":5887,"date":"2026-01-18T14:49:02","date_gmt":"2026-01-18T14:49:02","guid":{"rendered":"https:\/\/qorpeptides.com\/product\/kit-de-investigacion-barrera-gastrointestinal-pro\/"},"modified":"2026-01-18T14:49:02","modified_gmt":"2026-01-18T14:49:02","slug":"kit-de-investigacion-barrera-gastrointestinal-pro","status":"publish","type":"product","link":"https:\/\/qorpeptides.com\/es\/producto\/kit-de-investigacion-barrera-gastrointestinal-pro\/","title":{"rendered":"Kit de Investigaci\u00f3n Barrera Gastrointestinal Pro"},"content":{"rendered":"<p><span style=\"font-weight: 400;\">INVESTIGACI\u00d3N BARRERA GASTROINTESTINAL PRO (3 MESES) es un paquete in vitro para laboratorios que deseen estudiar la integridad de la barrera, los entornos mucosos y la se\u00f1alizaci\u00f3n relacionada en sistemas controlados. El kit contiene <\/span><\/p>\n<ul>\n<li>4 \u00d7 KLOW<\/li>\n<li>2 \u00d7 BPC157<\/li>\n<li>2 \u00d7 TB500<\/li>\n<li>3 \u00d7 Glutati\u00f3n 1500 mg<\/li>\n<\/ul>\n<p><span style=\"font-weight: 400;\">Cada vial contiene informaci\u00f3n clara sobre el lote y la concentraci\u00f3n para que su equipo pueda registrarla una vez y consultarla de forma consistente en protocolos, dise\u00f1os de placas e informes. Todos los componentes se suministran \u00fanicamente para investigaci\u00f3n in vitro y desarrollo de laboratorio, y no son para uso humano o veterinario. <\/span><\/p>\n","protected":false},"excerpt":{"rendered":"<p>INVESTIGACI\u00d3N BARRERA GASTROINTESTINAL PRO (3 MESES) es un paquete in vitro para laboratorios que deseen estudiar la integridad de la barrera, los entornos mucosos y la se\u00f1alizaci\u00f3n relacionada en sistemas controlados. El kit contiene 4 \u00d7 KLOW 2 \u00d7 BPC157 2 \u00d7 TB500 3 \u00d7 Glutati\u00f3n 1500 mg Cada vial contiene informaci\u00f3n clara sobre el [&hellip;]<\/p>\n","protected":false},"featured_media":4288,"comment_status":"open","ping_status":"closed","template":"","meta":{"_acf_changed":false,"inline_featured_image":false},"product_brand":[],"product_cat":[73],"product_tag":[],"class_list":{"0":"post-5887","1":"product","2":"type-product","3":"status-publish","4":"has-post-thumbnail","6":"product_cat-research-bundles","8":"first","9":"instock","10":"sale","11":"shipping-taxable","12":"purchasable","13":"product-type-simple"},"acf":[],"yoast_head":"<!-- This site is optimized with the Yoast SEO plugin v27.3 - https:\/\/yoast.com\/product\/yoast-seo-wordpress\/ -->\n<title>Kit de Investigaci\u00f3n Barrera Gastrointestinal Pro - QOR Peptides<\/title>\n<meta name=\"robots\" content=\"index, follow, max-snippet:-1, max-image-preview:large, max-video-preview:-1\" \/>\n<link rel=\"canonical\" href=\"https:\/\/qorpeptides.com\/es\/producto\/kit-de-investigacion-barrera-gastrointestinal-pro\/\" \/>\n<meta property=\"og:locale\" content=\"es_ES\" \/>\n<meta property=\"og:type\" content=\"article\" \/>\n<meta property=\"og:title\" content=\"Kit de Investigaci\u00f3n Barrera Gastrointestinal Pro - QOR Peptides\" \/>\n<meta property=\"og:description\" content=\"INVESTIGACI\u00d3N BARRERA GASTROINTESTINAL PRO (3 MESES) es un paquete in vitro para laboratorios que deseen estudiar la integridad de la barrera, los entornos mucosos y la se\u00f1alizaci\u00f3n relacionada en sistemas controlados. El kit contiene 4 \u00d7 KLOW 2 \u00d7 BPC157 2 \u00d7 TB500 3 \u00d7 Glutati\u00f3n 1500 mg Cada vial contiene informaci\u00f3n clara sobre el [&hellip;]\" \/>\n<meta property=\"og:url\" content=\"https:\/\/qorpeptides.com\/es\/producto\/kit-de-investigacion-barrera-gastrointestinal-pro\/\" \/>\n<meta property=\"og:site_name\" content=\"QOR Peptides\" \/>\n<meta property=\"og:image\" content=\"https:\/\/qorpeptides.com\/wp-content\/uploads\/2026\/01\/REVERSE-AGING-MITOCHONDRIA-ENERGY-RESEARCHER.webp\" \/>\n\t<meta property=\"og:image:width\" content=\"376\" \/>\n\t<meta property=\"og:image:height\" content=\"308\" \/>\n\t<meta property=\"og:image:type\" content=\"image\/webp\" \/>\n<meta name=\"twitter:card\" content=\"summary_large_image\" \/>\n<script type=\"application\/ld+json\" class=\"yoast-schema-graph\">{\"@context\":\"https:\\\/\\\/schema.org\",\"@graph\":[{\"@type\":\"WebPage\",\"@id\":\"https:\\\/\\\/qorpeptides.com\\\/es\\\/producto\\\/kit-de-investigacion-barrera-gastrointestinal-pro\\\/\",\"url\":\"https:\\\/\\\/qorpeptides.com\\\/es\\\/producto\\\/kit-de-investigacion-barrera-gastrointestinal-pro\\\/\",\"name\":\"Kit de Investigaci\u00f3n Barrera Gastrointestinal Pro - QOR Peptides\",\"isPartOf\":{\"@id\":\"https:\\\/\\\/qorpeptides.com\\\/es\\\/#website\"},\"primaryImageOfPage\":{\"@id\":\"https:\\\/\\\/qorpeptides.com\\\/es\\\/producto\\\/kit-de-investigacion-barrera-gastrointestinal-pro\\\/#primaryimage\"},\"image\":{\"@id\":\"https:\\\/\\\/qorpeptides.com\\\/es\\\/producto\\\/kit-de-investigacion-barrera-gastrointestinal-pro\\\/#primaryimage\"},\"thumbnailUrl\":\"https:\\\/\\\/qorpeptides.com\\\/wp-content\\\/uploads\\\/2026\\\/01\\\/REVERSE-AGING-MITOCHONDRIA-ENERGY-RESEARCHER.webp\",\"datePublished\":\"2026-01-18T14:49:02+00:00\",\"breadcrumb\":{\"@id\":\"https:\\\/\\\/qorpeptides.com\\\/es\\\/producto\\\/kit-de-investigacion-barrera-gastrointestinal-pro\\\/#breadcrumb\"},\"inLanguage\":\"es\",\"potentialAction\":[{\"@type\":\"ReadAction\",\"target\":[\"https:\\\/\\\/qorpeptides.com\\\/es\\\/producto\\\/kit-de-investigacion-barrera-gastrointestinal-pro\\\/\"]}]},{\"@type\":\"ImageObject\",\"inLanguage\":\"es\",\"@id\":\"https:\\\/\\\/qorpeptides.com\\\/es\\\/producto\\\/kit-de-investigacion-barrera-gastrointestinal-pro\\\/#primaryimage\",\"url\":\"https:\\\/\\\/qorpeptides.com\\\/wp-content\\\/uploads\\\/2026\\\/01\\\/REVERSE-AGING-MITOCHONDRIA-ENERGY-RESEARCHER.webp\",\"contentUrl\":\"https:\\\/\\\/qorpeptides.com\\\/wp-content\\\/uploads\\\/2026\\\/01\\\/REVERSE-AGING-MITOCHONDRIA-ENERGY-RESEARCHER.webp\",\"width\":376,\"height\":308},{\"@type\":\"BreadcrumbList\",\"@id\":\"https:\\\/\\\/qorpeptides.com\\\/es\\\/producto\\\/kit-de-investigacion-barrera-gastrointestinal-pro\\\/#breadcrumb\",\"itemListElement\":[{\"@type\":\"ListItem\",\"position\":1,\"name\":\"Home\",\"item\":\"https:\\\/\\\/qorpeptides.com\\\/es\\\/home\\\/\"},{\"@type\":\"ListItem\",\"position\":2,\"name\":\"Tienda\",\"item\":\"https:\\\/\\\/qorpeptides.com\\\/shop\\\/\"},{\"@type\":\"ListItem\",\"position\":3,\"name\":\"Kit de Investigaci\u00f3n Barrera Gastrointestinal Pro\"}]},{\"@type\":\"WebSite\",\"@id\":\"https:\\\/\\\/qorpeptides.com\\\/es\\\/#website\",\"url\":\"https:\\\/\\\/qorpeptides.com\\\/es\\\/\",\"name\":\"QOR Peptides\",\"description\":\"\",\"publisher\":{\"@id\":\"https:\\\/\\\/qorpeptides.com\\\/es\\\/#organization\"},\"potentialAction\":[{\"@type\":\"SearchAction\",\"target\":{\"@type\":\"EntryPoint\",\"urlTemplate\":\"https:\\\/\\\/qorpeptides.com\\\/es\\\/?s={search_term_string}\"},\"query-input\":{\"@type\":\"PropertyValueSpecification\",\"valueRequired\":true,\"valueName\":\"search_term_string\"}}],\"inLanguage\":\"es\"},{\"@type\":\"Organization\",\"@id\":\"https:\\\/\\\/qorpeptides.com\\\/es\\\/#organization\",\"name\":\"QOR Peptides\",\"url\":\"https:\\\/\\\/qorpeptides.com\\\/es\\\/\",\"logo\":{\"@type\":\"ImageObject\",\"inLanguage\":\"es\",\"@id\":\"https:\\\/\\\/qorpeptides.com\\\/es\\\/#\\\/schema\\\/logo\\\/image\\\/\",\"url\":\"https:\\\/\\\/qorpeptides.com\\\/wp-content\\\/uploads\\\/2025\\\/11\\\/QOR-Logo-Peptides-Gold-Foil-look-transparant-Background-1.webp\",\"contentUrl\":\"https:\\\/\\\/qorpeptides.com\\\/wp-content\\\/uploads\\\/2025\\\/11\\\/QOR-Logo-Peptides-Gold-Foil-look-transparant-Background-1.webp\",\"width\":142,\"height\":76,\"caption\":\"QOR Peptides\"},\"image\":{\"@id\":\"https:\\\/\\\/qorpeptides.com\\\/es\\\/#\\\/schema\\\/logo\\\/image\\\/\"}}]}<\/script>\n<!-- \/ Yoast SEO plugin. -->","yoast_head_json":{"title":"Kit de Investigaci\u00f3n Barrera Gastrointestinal Pro - QOR Peptides","robots":{"index":"index","follow":"follow","max-snippet":"max-snippet:-1","max-image-preview":"max-image-preview:large","max-video-preview":"max-video-preview:-1"},"canonical":"https:\/\/qorpeptides.com\/es\/producto\/kit-de-investigacion-barrera-gastrointestinal-pro\/","og_locale":"es_ES","og_type":"article","og_title":"Kit de Investigaci\u00f3n Barrera Gastrointestinal Pro - QOR Peptides","og_description":"INVESTIGACI\u00d3N BARRERA GASTROINTESTINAL PRO (3 MESES) es un paquete in vitro para laboratorios que deseen estudiar la integridad de la barrera, los entornos mucosos y la se\u00f1alizaci\u00f3n relacionada en sistemas controlados. El kit contiene 4 \u00d7 KLOW 2 \u00d7 BPC157 2 \u00d7 TB500 3 \u00d7 Glutati\u00f3n 1500 mg Cada vial contiene informaci\u00f3n clara sobre el [&hellip;]","og_url":"https:\/\/qorpeptides.com\/es\/producto\/kit-de-investigacion-barrera-gastrointestinal-pro\/","og_site_name":"QOR Peptides","og_image":[{"width":376,"height":308,"url":"https:\/\/qorpeptides.com\/wp-content\/uploads\/2026\/01\/REVERSE-AGING-MITOCHONDRIA-ENERGY-RESEARCHER.webp","type":"image\/webp"}],"twitter_card":"summary_large_image","schema":{"@context":"https:\/\/schema.org","@graph":[{"@type":"WebPage","@id":"https:\/\/qorpeptides.com\/es\/producto\/kit-de-investigacion-barrera-gastrointestinal-pro\/","url":"https:\/\/qorpeptides.com\/es\/producto\/kit-de-investigacion-barrera-gastrointestinal-pro\/","name":"Kit de Investigaci\u00f3n Barrera Gastrointestinal Pro - QOR Peptides","isPartOf":{"@id":"https:\/\/qorpeptides.com\/es\/#website"},"primaryImageOfPage":{"@id":"https:\/\/qorpeptides.com\/es\/producto\/kit-de-investigacion-barrera-gastrointestinal-pro\/#primaryimage"},"image":{"@id":"https:\/\/qorpeptides.com\/es\/producto\/kit-de-investigacion-barrera-gastrointestinal-pro\/#primaryimage"},"thumbnailUrl":"https:\/\/qorpeptides.com\/wp-content\/uploads\/2026\/01\/REVERSE-AGING-MITOCHONDRIA-ENERGY-RESEARCHER.webp","datePublished":"2026-01-18T14:49:02+00:00","breadcrumb":{"@id":"https:\/\/qorpeptides.com\/es\/producto\/kit-de-investigacion-barrera-gastrointestinal-pro\/#breadcrumb"},"inLanguage":"es","potentialAction":[{"@type":"ReadAction","target":["https:\/\/qorpeptides.com\/es\/producto\/kit-de-investigacion-barrera-gastrointestinal-pro\/"]}]},{"@type":"ImageObject","inLanguage":"es","@id":"https:\/\/qorpeptides.com\/es\/producto\/kit-de-investigacion-barrera-gastrointestinal-pro\/#primaryimage","url":"https:\/\/qorpeptides.com\/wp-content\/uploads\/2026\/01\/REVERSE-AGING-MITOCHONDRIA-ENERGY-RESEARCHER.webp","contentUrl":"https:\/\/qorpeptides.com\/wp-content\/uploads\/2026\/01\/REVERSE-AGING-MITOCHONDRIA-ENERGY-RESEARCHER.webp","width":376,"height":308},{"@type":"BreadcrumbList","@id":"https:\/\/qorpeptides.com\/es\/producto\/kit-de-investigacion-barrera-gastrointestinal-pro\/#breadcrumb","itemListElement":[{"@type":"ListItem","position":1,"name":"Home","item":"https:\/\/qorpeptides.com\/es\/home\/"},{"@type":"ListItem","position":2,"name":"Tienda","item":"https:\/\/qorpeptides.com\/shop\/"},{"@type":"ListItem","position":3,"name":"Kit de Investigaci\u00f3n Barrera Gastrointestinal Pro"}]},{"@type":"WebSite","@id":"https:\/\/qorpeptides.com\/es\/#website","url":"https:\/\/qorpeptides.com\/es\/","name":"QOR Peptides","description":"","publisher":{"@id":"https:\/\/qorpeptides.com\/es\/#organization"},"potentialAction":[{"@type":"SearchAction","target":{"@type":"EntryPoint","urlTemplate":"https:\/\/qorpeptides.com\/es\/?s={search_term_string}"},"query-input":{"@type":"PropertyValueSpecification","valueRequired":true,"valueName":"search_term_string"}}],"inLanguage":"es"},{"@type":"Organization","@id":"https:\/\/qorpeptides.com\/es\/#organization","name":"QOR Peptides","url":"https:\/\/qorpeptides.com\/es\/","logo":{"@type":"ImageObject","inLanguage":"es","@id":"https:\/\/qorpeptides.com\/es\/#\/schema\/logo\/image\/","url":"https:\/\/qorpeptides.com\/wp-content\/uploads\/2025\/11\/QOR-Logo-Peptides-Gold-Foil-look-transparant-Background-1.webp","contentUrl":"https:\/\/qorpeptides.com\/wp-content\/uploads\/2025\/11\/QOR-Logo-Peptides-Gold-Foil-look-transparant-Background-1.webp","width":142,"height":76,"caption":"QOR Peptides"},"image":{"@id":"https:\/\/qorpeptides.com\/es\/#\/schema\/logo\/image\/"}}]}},"_links":{"self":[{"href":"https:\/\/qorpeptides.com\/es\/wp-json\/wp\/v2\/product\/5887","targetHints":{"allow":["GET"]}}],"collection":[{"href":"https:\/\/qorpeptides.com\/es\/wp-json\/wp\/v2\/product"}],"about":[{"href":"https:\/\/qorpeptides.com\/es\/wp-json\/wp\/v2\/types\/product"}],"replies":[{"embeddable":true,"href":"https:\/\/qorpeptides.com\/es\/wp-json\/wp\/v2\/comments?post=5887"}],"wp:featuredmedia":[{"embeddable":true,"href":"https:\/\/qorpeptides.com\/es\/wp-json\/wp\/v2\/media\/4288"}],"wp:attachment":[{"href":"https:\/\/qorpeptides.com\/es\/wp-json\/wp\/v2\/media?parent=5887"}],"wp:term":[{"taxonomy":"product_brand","embeddable":true,"href":"https:\/\/qorpeptides.com\/es\/wp-json\/wp\/v2\/product_brand?post=5887"},{"taxonomy":"product_cat","embeddable":true,"href":"https:\/\/qorpeptides.com\/es\/wp-json\/wp\/v2\/product_cat?post=5887"},{"taxonomy":"product_tag","embeddable":true,"href":"https:\/\/qorpeptides.com\/es\/wp-json\/wp\/v2\/product_tag?post=5887"}],"curies":[{"name":"wp","href":"https:\/\/api.w.org\/{rel}","templated":true}]}}