{"id":5884,"date":"2026-01-18T13:53:37","date_gmt":"2026-01-18T13:53:37","guid":{"rendered":"https:\/\/qorpeptides.com\/product\/investigacion-de-senalizacion-anabolica-multifasica\/"},"modified":"2026-01-18T13:53:37","modified_gmt":"2026-01-18T13:53:37","slug":"investigacion-de-senalizacion-anabolica-multifasica","status":"publish","type":"product","link":"https:\/\/qorpeptides.com\/es\/producto\/investigacion-de-senalizacion-anabolica-multifasica\/","title":{"rendered":"Investigaci\u00f3n de Se\u00f1alizaci\u00f3n Anab\u00f3lica Multif\u00e1sica"},"content":{"rendered":"<p>El SET DE INVESTIGACI\u00d3N DE SE\u00d1ALIZACI\u00d3N ANAB\u00d3LICA MULTIF\u00c1SICA (1 MES) es un paquete in vitro para laboratorios que buscan una forma pr\u00e1ctica de trabajar con varios p\u00e9ptidos relacionados con el anabolismo en un solo proyecto. El set contiene<\/p>\n<p>1 \u00d7 Retatrutida 5 mg<br \/>\n2 \u00d7 GROW 10 mg<br \/>\n1 \u00d7 GLOW 70 mg<\/p>\n<p>Cada vial incluye informaci\u00f3n clara sobre el lote y la concentraci\u00f3n para que su equipo pueda registrar, rastrear y repetir el trabajo sin conjeturas. Todos los componentes se suministran \u00fanicamente para investigaci\u00f3n in vitro y desarrollo de laboratorio, y no son para uso humano ni veterinario.<\/p>\n","protected":false},"excerpt":{"rendered":"<p>El SET DE INVESTIGACI\u00d3N DE SE\u00d1ALIZACI\u00d3N ANAB\u00d3LICA MULTIF\u00c1SICA (1 MES) es un paquete in vitro para laboratorios que buscan una forma pr\u00e1ctica de trabajar con varios p\u00e9ptidos relacionados con el anabolismo en un solo proyecto. El set contiene 1 \u00d7 Retatrutida 5 mg 2 \u00d7 GROW 10 mg 1 \u00d7 GLOW 70 mg Cada vial [&hellip;]<\/p>\n","protected":false},"featured_media":4296,"comment_status":"open","ping_status":"closed","template":"","meta":{"_acf_changed":false,"inline_featured_image":false},"product_brand":[],"product_cat":[73],"product_tag":[],"class_list":{"0":"post-5884","1":"product","2":"type-product","3":"status-publish","4":"has-post-thumbnail","6":"product_cat-research-bundles","8":"first","9":"instock","10":"shipping-taxable","11":"purchasable","12":"product-type-simple"},"acf":[],"yoast_head":"<!-- This site is optimized with the Yoast SEO plugin v27.3 - https:\/\/yoast.com\/product\/yoast-seo-wordpress\/ -->\n<title>Investigaci\u00f3n de Se\u00f1alizaci\u00f3n Anab\u00f3lica Multif\u00e1sica - QOR Peptides<\/title>\n<meta name=\"robots\" content=\"index, follow, max-snippet:-1, max-image-preview:large, max-video-preview:-1\" \/>\n<link rel=\"canonical\" href=\"https:\/\/qorpeptides.com\/es\/producto\/investigacion-de-senalizacion-anabolica-multifasica\/\" \/>\n<meta property=\"og:locale\" content=\"es_ES\" \/>\n<meta property=\"og:type\" content=\"article\" \/>\n<meta property=\"og:title\" content=\"Investigaci\u00f3n de Se\u00f1alizaci\u00f3n Anab\u00f3lica Multif\u00e1sica - QOR Peptides\" \/>\n<meta property=\"og:description\" content=\"El SET DE INVESTIGACI\u00d3N DE SE\u00d1ALIZACI\u00d3N ANAB\u00d3LICA MULTIF\u00c1SICA (1 MES) es un paquete in vitro para laboratorios que buscan una forma pr\u00e1ctica de trabajar con varios p\u00e9ptidos relacionados con el anabolismo en un solo proyecto. El set contiene 1 \u00d7 Retatrutida 5 mg 2 \u00d7 GROW 10 mg 1 \u00d7 GLOW 70 mg Cada vial [&hellip;]\" \/>\n<meta property=\"og:url\" content=\"https:\/\/qorpeptides.com\/es\/producto\/investigacion-de-senalizacion-anabolica-multifasica\/\" \/>\n<meta property=\"og:site_name\" content=\"QOR Peptides\" \/>\n<meta property=\"og:image\" content=\"https:\/\/qorpeptides.com\/wp-content\/uploads\/2026\/01\/Product-card.png\" \/>\n\t<meta property=\"og:image:width\" content=\"376\" \/>\n\t<meta property=\"og:image:height\" content=\"308\" \/>\n\t<meta property=\"og:image:type\" content=\"image\/png\" \/>\n<meta name=\"twitter:card\" content=\"summary_large_image\" \/>\n<script type=\"application\/ld+json\" class=\"yoast-schema-graph\">{\"@context\":\"https:\\\/\\\/schema.org\",\"@graph\":[{\"@type\":\"WebPage\",\"@id\":\"https:\\\/\\\/qorpeptides.com\\\/es\\\/producto\\\/investigacion-de-senalizacion-anabolica-multifasica\\\/\",\"url\":\"https:\\\/\\\/qorpeptides.com\\\/es\\\/producto\\\/investigacion-de-senalizacion-anabolica-multifasica\\\/\",\"name\":\"Investigaci\u00f3n de Se\u00f1alizaci\u00f3n Anab\u00f3lica Multif\u00e1sica - QOR Peptides\",\"isPartOf\":{\"@id\":\"https:\\\/\\\/qorpeptides.com\\\/es\\\/#website\"},\"primaryImageOfPage\":{\"@id\":\"https:\\\/\\\/qorpeptides.com\\\/es\\\/producto\\\/investigacion-de-senalizacion-anabolica-multifasica\\\/#primaryimage\"},\"image\":{\"@id\":\"https:\\\/\\\/qorpeptides.com\\\/es\\\/producto\\\/investigacion-de-senalizacion-anabolica-multifasica\\\/#primaryimage\"},\"thumbnailUrl\":\"https:\\\/\\\/qorpeptides.com\\\/wp-content\\\/uploads\\\/2026\\\/01\\\/Product-card.png\",\"datePublished\":\"2026-01-18T13:53:37+00:00\",\"breadcrumb\":{\"@id\":\"https:\\\/\\\/qorpeptides.com\\\/es\\\/producto\\\/investigacion-de-senalizacion-anabolica-multifasica\\\/#breadcrumb\"},\"inLanguage\":\"es\",\"potentialAction\":[{\"@type\":\"ReadAction\",\"target\":[\"https:\\\/\\\/qorpeptides.com\\\/es\\\/producto\\\/investigacion-de-senalizacion-anabolica-multifasica\\\/\"]}]},{\"@type\":\"ImageObject\",\"inLanguage\":\"es\",\"@id\":\"https:\\\/\\\/qorpeptides.com\\\/es\\\/producto\\\/investigacion-de-senalizacion-anabolica-multifasica\\\/#primaryimage\",\"url\":\"https:\\\/\\\/qorpeptides.com\\\/wp-content\\\/uploads\\\/2026\\\/01\\\/Product-card.png\",\"contentUrl\":\"https:\\\/\\\/qorpeptides.com\\\/wp-content\\\/uploads\\\/2026\\\/01\\\/Product-card.png\",\"width\":376,\"height\":308},{\"@type\":\"BreadcrumbList\",\"@id\":\"https:\\\/\\\/qorpeptides.com\\\/es\\\/producto\\\/investigacion-de-senalizacion-anabolica-multifasica\\\/#breadcrumb\",\"itemListElement\":[{\"@type\":\"ListItem\",\"position\":1,\"name\":\"Home\",\"item\":\"https:\\\/\\\/qorpeptides.com\\\/es\\\/home\\\/\"},{\"@type\":\"ListItem\",\"position\":2,\"name\":\"Tienda\",\"item\":\"https:\\\/\\\/qorpeptides.com\\\/shop\\\/\"},{\"@type\":\"ListItem\",\"position\":3,\"name\":\"Investigaci\u00f3n de Se\u00f1alizaci\u00f3n Anab\u00f3lica Multif\u00e1sica\"}]},{\"@type\":\"WebSite\",\"@id\":\"https:\\\/\\\/qorpeptides.com\\\/es\\\/#website\",\"url\":\"https:\\\/\\\/qorpeptides.com\\\/es\\\/\",\"name\":\"QOR Peptides\",\"description\":\"\",\"publisher\":{\"@id\":\"https:\\\/\\\/qorpeptides.com\\\/es\\\/#organization\"},\"potentialAction\":[{\"@type\":\"SearchAction\",\"target\":{\"@type\":\"EntryPoint\",\"urlTemplate\":\"https:\\\/\\\/qorpeptides.com\\\/es\\\/?s={search_term_string}\"},\"query-input\":{\"@type\":\"PropertyValueSpecification\",\"valueRequired\":true,\"valueName\":\"search_term_string\"}}],\"inLanguage\":\"es\"},{\"@type\":\"Organization\",\"@id\":\"https:\\\/\\\/qorpeptides.com\\\/es\\\/#organization\",\"name\":\"QOR Peptides\",\"url\":\"https:\\\/\\\/qorpeptides.com\\\/es\\\/\",\"logo\":{\"@type\":\"ImageObject\",\"inLanguage\":\"es\",\"@id\":\"https:\\\/\\\/qorpeptides.com\\\/es\\\/#\\\/schema\\\/logo\\\/image\\\/\",\"url\":\"https:\\\/\\\/qorpeptides.com\\\/wp-content\\\/uploads\\\/2025\\\/11\\\/QOR-Logo-Peptides-Gold-Foil-look-transparant-Background-1.webp\",\"contentUrl\":\"https:\\\/\\\/qorpeptides.com\\\/wp-content\\\/uploads\\\/2025\\\/11\\\/QOR-Logo-Peptides-Gold-Foil-look-transparant-Background-1.webp\",\"width\":142,\"height\":76,\"caption\":\"QOR Peptides\"},\"image\":{\"@id\":\"https:\\\/\\\/qorpeptides.com\\\/es\\\/#\\\/schema\\\/logo\\\/image\\\/\"}}]}<\/script>\n<!-- \/ Yoast SEO plugin. -->","yoast_head_json":{"title":"Investigaci\u00f3n de Se\u00f1alizaci\u00f3n Anab\u00f3lica Multif\u00e1sica - QOR Peptides","robots":{"index":"index","follow":"follow","max-snippet":"max-snippet:-1","max-image-preview":"max-image-preview:large","max-video-preview":"max-video-preview:-1"},"canonical":"https:\/\/qorpeptides.com\/es\/producto\/investigacion-de-senalizacion-anabolica-multifasica\/","og_locale":"es_ES","og_type":"article","og_title":"Investigaci\u00f3n de Se\u00f1alizaci\u00f3n Anab\u00f3lica Multif\u00e1sica - QOR Peptides","og_description":"El SET DE INVESTIGACI\u00d3N DE SE\u00d1ALIZACI\u00d3N ANAB\u00d3LICA MULTIF\u00c1SICA (1 MES) es un paquete in vitro para laboratorios que buscan una forma pr\u00e1ctica de trabajar con varios p\u00e9ptidos relacionados con el anabolismo en un solo proyecto. El set contiene 1 \u00d7 Retatrutida 5 mg 2 \u00d7 GROW 10 mg 1 \u00d7 GLOW 70 mg Cada vial [&hellip;]","og_url":"https:\/\/qorpeptides.com\/es\/producto\/investigacion-de-senalizacion-anabolica-multifasica\/","og_site_name":"QOR Peptides","og_image":[{"width":376,"height":308,"url":"https:\/\/qorpeptides.com\/wp-content\/uploads\/2026\/01\/Product-card.png","type":"image\/png"}],"twitter_card":"summary_large_image","schema":{"@context":"https:\/\/schema.org","@graph":[{"@type":"WebPage","@id":"https:\/\/qorpeptides.com\/es\/producto\/investigacion-de-senalizacion-anabolica-multifasica\/","url":"https:\/\/qorpeptides.com\/es\/producto\/investigacion-de-senalizacion-anabolica-multifasica\/","name":"Investigaci\u00f3n de Se\u00f1alizaci\u00f3n Anab\u00f3lica Multif\u00e1sica - QOR Peptides","isPartOf":{"@id":"https:\/\/qorpeptides.com\/es\/#website"},"primaryImageOfPage":{"@id":"https:\/\/qorpeptides.com\/es\/producto\/investigacion-de-senalizacion-anabolica-multifasica\/#primaryimage"},"image":{"@id":"https:\/\/qorpeptides.com\/es\/producto\/investigacion-de-senalizacion-anabolica-multifasica\/#primaryimage"},"thumbnailUrl":"https:\/\/qorpeptides.com\/wp-content\/uploads\/2026\/01\/Product-card.png","datePublished":"2026-01-18T13:53:37+00:00","breadcrumb":{"@id":"https:\/\/qorpeptides.com\/es\/producto\/investigacion-de-senalizacion-anabolica-multifasica\/#breadcrumb"},"inLanguage":"es","potentialAction":[{"@type":"ReadAction","target":["https:\/\/qorpeptides.com\/es\/producto\/investigacion-de-senalizacion-anabolica-multifasica\/"]}]},{"@type":"ImageObject","inLanguage":"es","@id":"https:\/\/qorpeptides.com\/es\/producto\/investigacion-de-senalizacion-anabolica-multifasica\/#primaryimage","url":"https:\/\/qorpeptides.com\/wp-content\/uploads\/2026\/01\/Product-card.png","contentUrl":"https:\/\/qorpeptides.com\/wp-content\/uploads\/2026\/01\/Product-card.png","width":376,"height":308},{"@type":"BreadcrumbList","@id":"https:\/\/qorpeptides.com\/es\/producto\/investigacion-de-senalizacion-anabolica-multifasica\/#breadcrumb","itemListElement":[{"@type":"ListItem","position":1,"name":"Home","item":"https:\/\/qorpeptides.com\/es\/home\/"},{"@type":"ListItem","position":2,"name":"Tienda","item":"https:\/\/qorpeptides.com\/shop\/"},{"@type":"ListItem","position":3,"name":"Investigaci\u00f3n de Se\u00f1alizaci\u00f3n Anab\u00f3lica Multif\u00e1sica"}]},{"@type":"WebSite","@id":"https:\/\/qorpeptides.com\/es\/#website","url":"https:\/\/qorpeptides.com\/es\/","name":"QOR Peptides","description":"","publisher":{"@id":"https:\/\/qorpeptides.com\/es\/#organization"},"potentialAction":[{"@type":"SearchAction","target":{"@type":"EntryPoint","urlTemplate":"https:\/\/qorpeptides.com\/es\/?s={search_term_string}"},"query-input":{"@type":"PropertyValueSpecification","valueRequired":true,"valueName":"search_term_string"}}],"inLanguage":"es"},{"@type":"Organization","@id":"https:\/\/qorpeptides.com\/es\/#organization","name":"QOR Peptides","url":"https:\/\/qorpeptides.com\/es\/","logo":{"@type":"ImageObject","inLanguage":"es","@id":"https:\/\/qorpeptides.com\/es\/#\/schema\/logo\/image\/","url":"https:\/\/qorpeptides.com\/wp-content\/uploads\/2025\/11\/QOR-Logo-Peptides-Gold-Foil-look-transparant-Background-1.webp","contentUrl":"https:\/\/qorpeptides.com\/wp-content\/uploads\/2025\/11\/QOR-Logo-Peptides-Gold-Foil-look-transparant-Background-1.webp","width":142,"height":76,"caption":"QOR Peptides"},"image":{"@id":"https:\/\/qorpeptides.com\/es\/#\/schema\/logo\/image\/"}}]}},"_links":{"self":[{"href":"https:\/\/qorpeptides.com\/es\/wp-json\/wp\/v2\/product\/5884","targetHints":{"allow":["GET"]}}],"collection":[{"href":"https:\/\/qorpeptides.com\/es\/wp-json\/wp\/v2\/product"}],"about":[{"href":"https:\/\/qorpeptides.com\/es\/wp-json\/wp\/v2\/types\/product"}],"replies":[{"embeddable":true,"href":"https:\/\/qorpeptides.com\/es\/wp-json\/wp\/v2\/comments?post=5884"}],"wp:featuredmedia":[{"embeddable":true,"href":"https:\/\/qorpeptides.com\/es\/wp-json\/wp\/v2\/media\/4296"}],"wp:attachment":[{"href":"https:\/\/qorpeptides.com\/es\/wp-json\/wp\/v2\/media?parent=5884"}],"wp:term":[{"taxonomy":"product_brand","embeddable":true,"href":"https:\/\/qorpeptides.com\/es\/wp-json\/wp\/v2\/product_brand?post=5884"},{"taxonomy":"product_cat","embeddable":true,"href":"https:\/\/qorpeptides.com\/es\/wp-json\/wp\/v2\/product_cat?post=5884"},{"taxonomy":"product_tag","embeddable":true,"href":"https:\/\/qorpeptides.com\/es\/wp-json\/wp\/v2\/product_tag?post=5884"}],"curies":[{"name":"wp","href":"https:\/\/api.w.org\/{rel}","templated":true}]}}