{"id":5874,"date":"2026-01-18T15:04:17","date_gmt":"2026-01-18T15:04:17","guid":{"rendered":"https:\/\/qorpeptides.com\/product\/mecanismo-de-investigacion-integral-de-peptidos-multisistemicos\/"},"modified":"2026-01-18T15:04:17","modified_gmt":"2026-01-18T15:04:17","slug":"mecanismo-de-investigacion-integral-de-peptidos-multisistemicos","status":"publish","type":"product","link":"https:\/\/qorpeptides.com\/es\/producto\/mecanismo-de-investigacion-integral-de-peptidos-multisistemicos\/","title":{"rendered":"Mecanismo de investigaci\u00f3n integral de p\u00e9ptidos multisist\u00e9micos"},"content":{"rendered":"<p><span style=\"font-weight: 400;\">CONJUNTO DE INVESTIGACI\u00d3N PROFESIONAL DE P\u00c9PTIDOS MULTISIST\u00c9MICO INTEGRAL (3 MESES) es un paquete in vitro dise\u00f1ado para laboratorios que ejecutan proyectos amplios y de m\u00faltiples v\u00edas durante un per\u00edodo prolongado. El conjunto contiene <\/span><\/p>\n<ul>\n<li>3 \u00d7 Retatrutide 10 mg<\/li>\n<li>6 \u00d7 GROW 10 mg<\/li>\n<li>6 \u00d7 Tesamorelin 10 mg<\/li>\n<li>4 \u00d7 Epitalon 50 mg<\/li>\n<li>6 \u00d7 MOTS C 40 mg<\/li>\n<li>6 \u00d7 SS31 10 mg<\/li>\n<li>3 \u00d7 NAD 1000 mg<\/li>\n<li>3 \u00d7 Glutati\u00f3n 1500 mg<\/li>\n<li>4 \u00d7 KLOW 80 mg<\/li>\n<\/ul>\n<p>&nbsp;<\/p>\n<p><span style=\"font-weight: 400;\">La amplia cobertura y el mayor n\u00famero de viales permiten dise\u00f1os de m\u00faltiples brazos, ejecuciones repetidas y trabajo coordinado entre equipos, manteniendo la consistencia de materiales y lotes. Cada vial incluye informaci\u00f3n clara sobre el lote y la concentraci\u00f3n para que su equipo pueda registrarla una vez y confiar en ese registro en protocolos, dise\u00f1os de placas e informes. Todos los componentes se suministran \u00fanicamente para investigaci\u00f3n in vitro y desarrollo de laboratorio, y no son para uso humano ni veterinario.  <\/span><\/p>\n","protected":false},"excerpt":{"rendered":"<p>CONJUNTO DE INVESTIGACI\u00d3N PROFESIONAL DE P\u00c9PTIDOS MULTISIST\u00c9MICO INTEGRAL (3 MESES) es un paquete in vitro dise\u00f1ado para laboratorios que ejecutan proyectos amplios y de m\u00faltiples v\u00edas durante un per\u00edodo prolongado. El conjunto contiene 3 \u00d7 Retatrutide 10 mg 6 \u00d7 GROW 10 mg 6 \u00d7 Tesamorelin 10 mg 4 \u00d7 Epitalon 50 mg 6 \u00d7 [&hellip;]<\/p>\n","protected":false},"featured_media":5366,"comment_status":"open","ping_status":"closed","template":"","meta":{"_acf_changed":false,"inline_featured_image":false},"product_brand":[],"product_cat":[73],"product_tag":[],"class_list":{"0":"post-5874","1":"product","2":"type-product","3":"status-publish","4":"has-post-thumbnail","6":"product_cat-research-bundles","8":"first","9":"instock","10":"sale","11":"shipping-taxable","12":"purchasable","13":"product-type-simple"},"acf":[],"yoast_head":"<!-- This site is optimized with the Yoast SEO plugin v27.3 - https:\/\/yoast.com\/product\/yoast-seo-wordpress\/ -->\n<title>Mecanismo de investigaci\u00f3n integral de p\u00e9ptidos multisist\u00e9micos - QOR Peptides<\/title>\n<meta name=\"robots\" content=\"index, follow, max-snippet:-1, max-image-preview:large, max-video-preview:-1\" \/>\n<link rel=\"canonical\" href=\"https:\/\/qorpeptides.com\/es\/producto\/mecanismo-de-investigacion-integral-de-peptidos-multisistemicos\/\" \/>\n<meta property=\"og:locale\" content=\"es_ES\" \/>\n<meta property=\"og:type\" content=\"article\" \/>\n<meta property=\"og:title\" content=\"Mecanismo de investigaci\u00f3n integral de p\u00e9ptidos multisist\u00e9micos - QOR Peptides\" \/>\n<meta property=\"og:description\" content=\"CONJUNTO DE INVESTIGACI\u00d3N PROFESIONAL DE P\u00c9PTIDOS MULTISIST\u00c9MICO INTEGRAL (3 MESES) es un paquete in vitro dise\u00f1ado para laboratorios que ejecutan proyectos amplios y de m\u00faltiples v\u00edas durante un per\u00edodo prolongado. El conjunto contiene 3 \u00d7 Retatrutide 10 mg 6 \u00d7 GROW 10 mg 6 \u00d7 Tesamorelin 10 mg 4 \u00d7 Epitalon 50 mg 6 \u00d7 [&hellip;]\" \/>\n<meta property=\"og:url\" content=\"https:\/\/qorpeptides.com\/es\/producto\/mecanismo-de-investigacion-integral-de-peptidos-multisistemicos\/\" \/>\n<meta property=\"og:site_name\" content=\"QOR Peptides\" \/>\n<meta property=\"og:image\" content=\"https:\/\/qorpeptides.com\/wp-content\/uploads\/2026\/01\/final-v1.png\" \/>\n\t<meta property=\"og:image:width\" content=\"800\" \/>\n\t<meta property=\"og:image:height\" content=\"474\" \/>\n\t<meta property=\"og:image:type\" content=\"image\/png\" \/>\n<meta name=\"twitter:card\" content=\"summary_large_image\" \/>\n<meta name=\"twitter:label1\" content=\"Tiempo de lectura\" \/>\n\t<meta name=\"twitter:data1\" content=\"1 minuto\" \/>\n<script type=\"application\/ld+json\" class=\"yoast-schema-graph\">{\"@context\":\"https:\\\/\\\/schema.org\",\"@graph\":[{\"@type\":\"WebPage\",\"@id\":\"https:\\\/\\\/qorpeptides.com\\\/es\\\/producto\\\/mecanismo-de-investigacion-integral-de-peptidos-multisistemicos\\\/\",\"url\":\"https:\\\/\\\/qorpeptides.com\\\/es\\\/producto\\\/mecanismo-de-investigacion-integral-de-peptidos-multisistemicos\\\/\",\"name\":\"Mecanismo de investigaci\u00f3n integral de p\u00e9ptidos multisist\u00e9micos - QOR Peptides\",\"isPartOf\":{\"@id\":\"https:\\\/\\\/qorpeptides.com\\\/es\\\/#website\"},\"primaryImageOfPage\":{\"@id\":\"https:\\\/\\\/qorpeptides.com\\\/es\\\/producto\\\/mecanismo-de-investigacion-integral-de-peptidos-multisistemicos\\\/#primaryimage\"},\"image\":{\"@id\":\"https:\\\/\\\/qorpeptides.com\\\/es\\\/producto\\\/mecanismo-de-investigacion-integral-de-peptidos-multisistemicos\\\/#primaryimage\"},\"thumbnailUrl\":\"https:\\\/\\\/qorpeptides.com\\\/wp-content\\\/uploads\\\/2026\\\/01\\\/final-v1.png\",\"datePublished\":\"2026-01-18T15:04:17+00:00\",\"breadcrumb\":{\"@id\":\"https:\\\/\\\/qorpeptides.com\\\/es\\\/producto\\\/mecanismo-de-investigacion-integral-de-peptidos-multisistemicos\\\/#breadcrumb\"},\"inLanguage\":\"es\",\"potentialAction\":[{\"@type\":\"ReadAction\",\"target\":[\"https:\\\/\\\/qorpeptides.com\\\/es\\\/producto\\\/mecanismo-de-investigacion-integral-de-peptidos-multisistemicos\\\/\"]}]},{\"@type\":\"ImageObject\",\"inLanguage\":\"es\",\"@id\":\"https:\\\/\\\/qorpeptides.com\\\/es\\\/producto\\\/mecanismo-de-investigacion-integral-de-peptidos-multisistemicos\\\/#primaryimage\",\"url\":\"https:\\\/\\\/qorpeptides.com\\\/wp-content\\\/uploads\\\/2026\\\/01\\\/final-v1.png\",\"contentUrl\":\"https:\\\/\\\/qorpeptides.com\\\/wp-content\\\/uploads\\\/2026\\\/01\\\/final-v1.png\",\"width\":800,\"height\":474},{\"@type\":\"BreadcrumbList\",\"@id\":\"https:\\\/\\\/qorpeptides.com\\\/es\\\/producto\\\/mecanismo-de-investigacion-integral-de-peptidos-multisistemicos\\\/#breadcrumb\",\"itemListElement\":[{\"@type\":\"ListItem\",\"position\":1,\"name\":\"Home\",\"item\":\"https:\\\/\\\/qorpeptides.com\\\/es\\\/home\\\/\"},{\"@type\":\"ListItem\",\"position\":2,\"name\":\"Tienda\",\"item\":\"https:\\\/\\\/qorpeptides.com\\\/shop\\\/\"},{\"@type\":\"ListItem\",\"position\":3,\"name\":\"Mecanismo de investigaci\u00f3n integral de p\u00e9ptidos multisist\u00e9micos\"}]},{\"@type\":\"WebSite\",\"@id\":\"https:\\\/\\\/qorpeptides.com\\\/es\\\/#website\",\"url\":\"https:\\\/\\\/qorpeptides.com\\\/es\\\/\",\"name\":\"QOR Peptides\",\"description\":\"\",\"publisher\":{\"@id\":\"https:\\\/\\\/qorpeptides.com\\\/es\\\/#organization\"},\"potentialAction\":[{\"@type\":\"SearchAction\",\"target\":{\"@type\":\"EntryPoint\",\"urlTemplate\":\"https:\\\/\\\/qorpeptides.com\\\/es\\\/?s={search_term_string}\"},\"query-input\":{\"@type\":\"PropertyValueSpecification\",\"valueRequired\":true,\"valueName\":\"search_term_string\"}}],\"inLanguage\":\"es\"},{\"@type\":\"Organization\",\"@id\":\"https:\\\/\\\/qorpeptides.com\\\/es\\\/#organization\",\"name\":\"QOR Peptides\",\"url\":\"https:\\\/\\\/qorpeptides.com\\\/es\\\/\",\"logo\":{\"@type\":\"ImageObject\",\"inLanguage\":\"es\",\"@id\":\"https:\\\/\\\/qorpeptides.com\\\/es\\\/#\\\/schema\\\/logo\\\/image\\\/\",\"url\":\"https:\\\/\\\/qorpeptides.com\\\/wp-content\\\/uploads\\\/2025\\\/11\\\/QOR-Logo-Peptides-Gold-Foil-look-transparant-Background-1.webp\",\"contentUrl\":\"https:\\\/\\\/qorpeptides.com\\\/wp-content\\\/uploads\\\/2025\\\/11\\\/QOR-Logo-Peptides-Gold-Foil-look-transparant-Background-1.webp\",\"width\":142,\"height\":76,\"caption\":\"QOR Peptides\"},\"image\":{\"@id\":\"https:\\\/\\\/qorpeptides.com\\\/es\\\/#\\\/schema\\\/logo\\\/image\\\/\"}}]}<\/script>\n<!-- \/ Yoast SEO plugin. -->","yoast_head_json":{"title":"Mecanismo de investigaci\u00f3n integral de p\u00e9ptidos multisist\u00e9micos - QOR Peptides","robots":{"index":"index","follow":"follow","max-snippet":"max-snippet:-1","max-image-preview":"max-image-preview:large","max-video-preview":"max-video-preview:-1"},"canonical":"https:\/\/qorpeptides.com\/es\/producto\/mecanismo-de-investigacion-integral-de-peptidos-multisistemicos\/","og_locale":"es_ES","og_type":"article","og_title":"Mecanismo de investigaci\u00f3n integral de p\u00e9ptidos multisist\u00e9micos - QOR Peptides","og_description":"CONJUNTO DE INVESTIGACI\u00d3N PROFESIONAL DE P\u00c9PTIDOS MULTISIST\u00c9MICO INTEGRAL (3 MESES) es un paquete in vitro dise\u00f1ado para laboratorios que ejecutan proyectos amplios y de m\u00faltiples v\u00edas durante un per\u00edodo prolongado. El conjunto contiene 3 \u00d7 Retatrutide 10 mg 6 \u00d7 GROW 10 mg 6 \u00d7 Tesamorelin 10 mg 4 \u00d7 Epitalon 50 mg 6 \u00d7 [&hellip;]","og_url":"https:\/\/qorpeptides.com\/es\/producto\/mecanismo-de-investigacion-integral-de-peptidos-multisistemicos\/","og_site_name":"QOR Peptides","og_image":[{"width":800,"height":474,"url":"https:\/\/qorpeptides.com\/wp-content\/uploads\/2026\/01\/final-v1.png","type":"image\/png"}],"twitter_card":"summary_large_image","twitter_misc":{"Tiempo de lectura":"1 minuto"},"schema":{"@context":"https:\/\/schema.org","@graph":[{"@type":"WebPage","@id":"https:\/\/qorpeptides.com\/es\/producto\/mecanismo-de-investigacion-integral-de-peptidos-multisistemicos\/","url":"https:\/\/qorpeptides.com\/es\/producto\/mecanismo-de-investigacion-integral-de-peptidos-multisistemicos\/","name":"Mecanismo de investigaci\u00f3n integral de p\u00e9ptidos multisist\u00e9micos - QOR Peptides","isPartOf":{"@id":"https:\/\/qorpeptides.com\/es\/#website"},"primaryImageOfPage":{"@id":"https:\/\/qorpeptides.com\/es\/producto\/mecanismo-de-investigacion-integral-de-peptidos-multisistemicos\/#primaryimage"},"image":{"@id":"https:\/\/qorpeptides.com\/es\/producto\/mecanismo-de-investigacion-integral-de-peptidos-multisistemicos\/#primaryimage"},"thumbnailUrl":"https:\/\/qorpeptides.com\/wp-content\/uploads\/2026\/01\/final-v1.png","datePublished":"2026-01-18T15:04:17+00:00","breadcrumb":{"@id":"https:\/\/qorpeptides.com\/es\/producto\/mecanismo-de-investigacion-integral-de-peptidos-multisistemicos\/#breadcrumb"},"inLanguage":"es","potentialAction":[{"@type":"ReadAction","target":["https:\/\/qorpeptides.com\/es\/producto\/mecanismo-de-investigacion-integral-de-peptidos-multisistemicos\/"]}]},{"@type":"ImageObject","inLanguage":"es","@id":"https:\/\/qorpeptides.com\/es\/producto\/mecanismo-de-investigacion-integral-de-peptidos-multisistemicos\/#primaryimage","url":"https:\/\/qorpeptides.com\/wp-content\/uploads\/2026\/01\/final-v1.png","contentUrl":"https:\/\/qorpeptides.com\/wp-content\/uploads\/2026\/01\/final-v1.png","width":800,"height":474},{"@type":"BreadcrumbList","@id":"https:\/\/qorpeptides.com\/es\/producto\/mecanismo-de-investigacion-integral-de-peptidos-multisistemicos\/#breadcrumb","itemListElement":[{"@type":"ListItem","position":1,"name":"Home","item":"https:\/\/qorpeptides.com\/es\/home\/"},{"@type":"ListItem","position":2,"name":"Tienda","item":"https:\/\/qorpeptides.com\/shop\/"},{"@type":"ListItem","position":3,"name":"Mecanismo de investigaci\u00f3n integral de p\u00e9ptidos multisist\u00e9micos"}]},{"@type":"WebSite","@id":"https:\/\/qorpeptides.com\/es\/#website","url":"https:\/\/qorpeptides.com\/es\/","name":"QOR Peptides","description":"","publisher":{"@id":"https:\/\/qorpeptides.com\/es\/#organization"},"potentialAction":[{"@type":"SearchAction","target":{"@type":"EntryPoint","urlTemplate":"https:\/\/qorpeptides.com\/es\/?s={search_term_string}"},"query-input":{"@type":"PropertyValueSpecification","valueRequired":true,"valueName":"search_term_string"}}],"inLanguage":"es"},{"@type":"Organization","@id":"https:\/\/qorpeptides.com\/es\/#organization","name":"QOR Peptides","url":"https:\/\/qorpeptides.com\/es\/","logo":{"@type":"ImageObject","inLanguage":"es","@id":"https:\/\/qorpeptides.com\/es\/#\/schema\/logo\/image\/","url":"https:\/\/qorpeptides.com\/wp-content\/uploads\/2025\/11\/QOR-Logo-Peptides-Gold-Foil-look-transparant-Background-1.webp","contentUrl":"https:\/\/qorpeptides.com\/wp-content\/uploads\/2025\/11\/QOR-Logo-Peptides-Gold-Foil-look-transparant-Background-1.webp","width":142,"height":76,"caption":"QOR Peptides"},"image":{"@id":"https:\/\/qorpeptides.com\/es\/#\/schema\/logo\/image\/"}}]}},"_links":{"self":[{"href":"https:\/\/qorpeptides.com\/es\/wp-json\/wp\/v2\/product\/5874","targetHints":{"allow":["GET"]}}],"collection":[{"href":"https:\/\/qorpeptides.com\/es\/wp-json\/wp\/v2\/product"}],"about":[{"href":"https:\/\/qorpeptides.com\/es\/wp-json\/wp\/v2\/types\/product"}],"replies":[{"embeddable":true,"href":"https:\/\/qorpeptides.com\/es\/wp-json\/wp\/v2\/comments?post=5874"}],"wp:featuredmedia":[{"embeddable":true,"href":"https:\/\/qorpeptides.com\/es\/wp-json\/wp\/v2\/media\/5366"}],"wp:attachment":[{"href":"https:\/\/qorpeptides.com\/es\/wp-json\/wp\/v2\/media?parent=5874"}],"wp:term":[{"taxonomy":"product_brand","embeddable":true,"href":"https:\/\/qorpeptides.com\/es\/wp-json\/wp\/v2\/product_brand?post=5874"},{"taxonomy":"product_cat","embeddable":true,"href":"https:\/\/qorpeptides.com\/es\/wp-json\/wp\/v2\/product_cat?post=5874"},{"taxonomy":"product_tag","embeddable":true,"href":"https:\/\/qorpeptides.com\/es\/wp-json\/wp\/v2\/product_tag?post=5874"}],"curies":[{"name":"wp","href":"https:\/\/api.w.org\/{rel}","templated":true}]}}